{"id":5,"date":"2015-09-10T16:19:51","date_gmt":"2015-09-10T14:19:51","guid":{"rendered":"http:\/\/localhost\/?page_id=5"},"modified":"2024-09-07T15:07:25","modified_gmt":"2024-09-07T13:07:25","slug":"allgemeines","status":"publish","type":"page","link":"http:\/\/adventisten-kh.p7.de\/?page_id=5","title":{"rendered":"Allgemeines"},"content":{"rendered":"<p><span style=\"text-decoration: underline;\"><strong>Angebote<\/strong>:<\/span><\/p>\n<ul>\n<li>CPA (Christliche Pfadfinder der Adventjugend)<br \/>\n<em>Chiefscout<\/em>: Dirk Peters<\/li>\n<\/ul>\n<div style=\"width: 103px\" class=\"wp-caption aligncenter\"><a href=\"http:\/\/www.cpa-mittelrhein.de\/\" target=\"_blank\" rel=\"noopener noreferrer\"><img decoding=\"async\" class=\"\" src=\"\/wp-includes\/images\/schild.png\" alt=\"CPA-Mittelrhein\" width=\"93\" height=\"101\" \/><\/a><p class=\"wp-caption-text\">CPA &#8211; Mittelrhein<\/p><\/div>\n<div style=\"width: 133px\" class=\"wp-caption aligncenter\"><a href=\"https:\/\/www.youtube.com\/channel\/UCoeY90wLVcRqZkJzkJBFAPA\" target=\"_blank\" rel=\"noopener noreferrer\"><img decoding=\"async\" class=\"\" src=\"\/wp-includes\/images\/youtube-kanal.jpg\" alt=\"CPA Mittelrhein - Der Kanal \" width=\"123\" height=\"123\" \/><\/a><p class=\"wp-caption-text\">Youtube-Kanal<\/p><\/div>\n<ul>\n<li>Kinderbibelschule in drei Altersgruppen: 0-7, 8-11, 12-15 Jahre<br \/>\n<em>Gesamtleitung:<\/em> Marin\u00e9 Tonkel<\/li>\n<li>Urtextanfragen: Wer bestimmte Bibelstellen anhand des Urtextes (Hebr\u00e4isch\/Griechisch) erl\u00e4utert haben m\u00f6chte, kann einen Zettel im Foyer in den gr\u00fcnen Kasten einwerfen.<\/li>\n<\/ul>\n<p><span style=\"text-decoration: underline;\"><strong>Jugendtreffen<\/strong>:<\/span><br \/>\n(*ca. alle 2 Wochen &#8211; auf Bekanntmachungen achten*)<br \/>\nAuskunft bei Jonas Gehring, Tel.: 06701\/2112<\/p>\n<p>Zur <a href=\"http:\/\/www.adventjugend.de\/home\/\" target=\"_blank\" rel=\"noopener noreferrer\">Adventjugend in Deutschland<\/a> und zur <a href=\"http:\/\/www.aj-mittelrhein.de\/\" target=\"_blank\" rel=\"noopener noreferrer\">Adventjugend Mittelrhein<\/a>.<\/p>\n<p><span style=\"text-decoration: underline;\"><strong>Frauendienste Lichtblicke am Abend<\/strong>:<\/span><br \/>\nAuskunft bei Dorothea Starek, Tel.: 06756\/697<\/p>\n<p><span style=\"text-decoration: underline;\">Gebetskreis nach Bekanntgabe<br \/>\n<\/span><\/p>\n<p><span style=\"text-decoration: underline;\">Jeden Sabbat Gebetszeit von 9:30 Uhr bis 9:45 Uhr (vor dem Gottesdienst)<\/span><\/p>\n<p>Zu den <a href=\"http:\/\/www.adventisten.de\/ueber-uns\/unser-glaube\/unsere-glaubenspunkte\/praeambel\/\" target=\"_blank\" rel=\"noopener noreferrer\">Glaubensgrunds\u00e4tzen.<\/a><br \/>\nZum <a href=\"http:\/\/www.hopechannel.de\/\" target=\"_blank\" rel=\"noopener noreferrer\">Hope Channel und zum Hope Channel Radio<\/a>.<\/p>\n<h3><span style=\"text-decoration: underline;\">Ablauf:<\/span><\/h3>\n<p><span style=\"text-decoration: underline;\">Gottesdienst in Bad Kreuznach:<\/span><br \/>\n09:30 Uhr Ankommen\/Gebetszeit<br \/>\n10:00 Uhr Er\u00f6ffnung und Lobpreis\/Lebendige Gemeinde<br \/>\n10:10 Uhr Gruppengespr\u00e4che (Bibelgespr\u00e4ch\/Diskussion)<br \/>\n11:00 Uhr Pause<br \/>\n11:10 Uhr Bekanntgaben\/Geburtstage\/Kindermoment<br \/>\n11:20 Uhr Predigt<br \/>\nJeden 3. Sabbat im Monat Potluck (gemeinsames Essen &#8211; jeder darf kommen!)<\/p>\n<p><strong>\u00a0<\/strong><\/p>\n<p>Weitere Informationen vor Ort oder unter <a href=\"http:\/\/www.adventisten.de\/home\/\" target=\"_blank\" rel=\"noopener noreferrer\">Adventisten.de<\/a><\/p>\n","protected":false},"excerpt":{"rendered":"<p>Angebote: CPA (Christliche Pfadfinder der Adventjugend) Chiefscout: Dirk Peters Kinderbibelschule in drei Altersgruppen: 0-7, 8-11, 12-15 Jahre Gesamtleitung: Marin\u00e9 Tonkel Urtextanfragen: Wer bestimmte Bibelstellen anhand des Urtextes (Hebr\u00e4isch\/Griechisch) erl\u00e4utert haben m\u00f6chte, kann einen Zettel im Foyer in den gr\u00fcnen Kasten einwerfen. Jugendtreffen: (*ca. alle 2 Wochen &#8211; auf Bekanntmachungen achten*)&#8230;<\/p>\n<p> <a class=\"continue-reading-link\" href=\"http:\/\/adventisten-kh.p7.de\/?page_id=5\"><span>Continue reading<\/span><i class=\"crycon-right-dir\"><\/i><\/a> <\/p>\n","protected":false},"author":1,"featured_media":0,"parent":0,"menu_order":3,"comment_status":"closed","ping_status":"closed","template":"","meta":{"footnotes":""},"class_list":["post-5","page","type-page","status-publish","hentry"],"_links":{"self":[{"href":"http:\/\/adventisten-kh.p7.de\/index.php?rest_route=\/wp\/v2\/pages\/5","targetHints":{"allow":["GET"]}}],"collection":[{"href":"http:\/\/adventisten-kh.p7.de\/index.php?rest_route=\/wp\/v2\/pages"}],"about":[{"href":"http:\/\/adventisten-kh.p7.de\/index.php?rest_route=\/wp\/v2\/types\/page"}],"author":[{"embeddable":true,"href":"http:\/\/adventisten-kh.p7.de\/index.php?rest_route=\/wp\/v2\/users\/1"}],"replies":[{"embeddable":true,"href":"http:\/\/adventisten-kh.p7.de\/index.php?rest_route=%2Fwp%2Fv2%2Fcomments&post=5"}],"version-history":[{"count":40,"href":"http:\/\/adventisten-kh.p7.de\/index.php?rest_route=\/wp\/v2\/pages\/5\/revisions"}],"predecessor-version":[{"id":4648,"href":"http:\/\/adventisten-kh.p7.de\/index.php?rest_route=\/wp\/v2\/pages\/5\/revisions\/4648"}],"wp:attachment":[{"href":"http:\/\/adventisten-kh.p7.de\/index.php?rest_route=%2Fwp%2Fv2%2Fmedia&parent=5"}],"curies":[{"name":"wp","href":"https:\/\/api.w.org\/{rel}","templated":true}]}}